{"id":796,"date":"2016-04-19T12:55:48","date_gmt":"2016-04-19T12:55:48","guid":{"rendered":"http:\/\/crab-spice.themerex.net\/?page_id=796"},"modified":"2021-09-29T11:58:23","modified_gmt":"2021-09-29T09:58:23","slug":"contacts","status":"publish","type":"page","link":"https:\/\/irreductibles-asso.fr\/site\/contacts\/","title":{"rendered":"Contacts"},"content":{"rendered":"<p>[vc_row][vc_column][vc_empty_space]<div id=\"sc_services_1044353192_wrap\" class=\"sc_services_wrap\"><div id=\"sc_services_1044353192\" class=\"sc_services sc_services_style_services-1 sc_services_type_icons  margin_top_small margin_bottom_large\" style=\"width:100%;\"><div class=\"sc_columns columns_wrap\"><div class=\"column-1_3 column_padding_bottom\">\t\t\t<div id=\"sc_services_1044353192_1\"\t\t\t\tclass=\"sc_services_item sc_services_item_1 odd first\"\n\t\t\t\t>\n\t\t\t\t<span class=\"sc_icon icon-phone-outline\"><\/span>\t\t\t\t<div class=\"sc_services_item_content\">\n\t\t\t\t\t<h4 class=\"sc_services_item_title\">Steff<\/h4>\n\t\t\t\t\t<div class=\"sc_services_item_description\">\n\t\t\t\t\t\t<p>[vc_column_text]06 76 48 09 05[\/vc_column_text]<\/p>\t\t\t\t\t<\/div>\n\t\t\t\t<\/div>\n\t\t\t<\/div>\n\t\t<\/div><div class=\"column-1_3 column_padding_bottom\">\t\t\t<div id=\"sc_services_1044353192_2\"\t\t\t\tclass=\"sc_services_item sc_services_item_2 even\"\n\t\t\t\t>\n\t\t\t\t<span class=\"sc_icon icon-phone-outline\"><\/span>\t\t\t\t<div class=\"sc_services_item_content\">\n\t\t\t\t\t<h4 class=\"sc_services_item_title\">Jean-Jacques<\/h4>\n\t\t\t\t\t<div class=\"sc_services_item_description\">\n\t\t\t\t\t\t<p>[vc_column_text]06 14 86 48 61[\/vc_column_text]<\/p>\t\t\t\t\t<\/div>\n\t\t\t\t<\/div>\n\t\t\t<\/div>\n\t\t<\/div><div class=\"column-1_3 column_padding_bottom\">\t\t\t<div id=\"sc_services_1044353192_3\"\t\t\t\tclass=\"sc_services_item sc_services_item_3 odd\"\n\t\t\t\t>\n\t\t\t\t<span class=\"sc_icon icon-phone-outline\"><\/span>\t\t\t\t<div class=\"sc_services_item_content\">\n\t\t\t\t\t<h4 class=\"sc_services_item_title\">Fran\u00e7ois<\/h4>\n\t\t\t\t\t<div class=\"sc_services_item_description\">\n\t\t\t\t\t\t<p>[vc_column_text]02 47 95 75 26[\/vc_column_text]<\/p>\t\t\t\t\t<\/div>\n\t\t\t\t<\/div>\n\t\t\t<\/div>\n\t\t<\/div><\/div><\/div><!-- \/.sc_services --><\/div><!-- \/.sc_services_wrap -->[\/vc_column][\/vc_row][vc_row full_width=\u00a0\u00bbstretch_row\u00a0\u00bb disable_element=\u00a0\u00bbyes\u00a0\u00bb inverse=\u00a0\u00bb\u00a0\u00bb css=\u00a0\u00bb.vc_custom_1622789424696{background-color: #f4f7f8 !important;}\u00a0\u00bb][vc_column]<h1 class=\"sc_title sc_title_underline sc_align_center margin_top_huge margin_bottom_medium\" style=\"text-align:center;\">\u00e9crivez-nous<\/h1><div  id=\"sc_form_1718493033_wrap\" class=\"sc_form_wrap\"><div  id=\"sc_form_1718493033\" class=\"sc_form sc_form_style_form_1 aligncenter margin_bottom_huge\" style=\"width:70%;\">\t\t<form  id=\"sc_form_1718493033_form\" data-formtype=\"form_1\" method=\"post\" action=\"https:\/\/irreductibles-asso.fr\/site\/wp-admin\/admin-ajax.php\">\n\t\t\t\t\t\t<div class=\"sc_form_info\">\n\t\t\t\t<div class=\"sc_form_item sc_form_field label_over left\"><label class=\"required\" for=\"sc_form_username\">Nom<\/label><input id=\"sc_form_username\" type=\"text\" name=\"username\" placeholder=\"Nom *\"><\/div>\n\t\t\t\t<div class=\"sc_form_item sc_form_field label_over right\"><label class=\"required\" for=\"sc_form_email\">E-mail<\/label><input id=\"sc_form_email\" type=\"text\" name=\"email\" placeholder=\"E-mail *\"><\/div>\n\t\t\t\t<div class=\"sc_form_item sc_form_field label_over\"><label class=\"required\" for=\"sc_form_subj\">Objet :<\/label><input id=\"sc_form_subj\" type=\"text\" name=\"subject\" placeholder=\"Objet :\"><\/div>\n\t\t\t<\/div>\n\t\t\t<div class=\"sc_form_item sc_form_message label_over\"><label class=\"required\" for=\"sc_form_message\">Message<\/label><textarea id=\"sc_form_message\" name=\"message\" placeholder=\"Message\"><\/textarea><\/div>\n\t\t\t<div class=\"sc_form_item sc_form_button\"><button>Envoyer message<\/button><\/div>\n\t\t\t<div class=\"result sc_infobox\"><\/div>\n\t\t<\/form>\n\t\t<\/div><\/div>[vc_empty_space height=\u00a0\u00bb1.2em\u00a0\u00bb][\/vc_column][\/vc_row][vc_row full_width=\u00a0\u00bbstretch_row\u00a0\u00bb inverse=\u00a0\u00bb\u00a0\u00bb css=\u00a0\u00bb.vc_custom_1622789731938{background-color: #f4f7f8 !important;}\u00a0\u00bb][vc_column]<h1 class=\"sc_title sc_title_underline sc_align_center margin_top_huge margin_bottom_medium\" style=\"text-align:center;\">\u00e9crivez-nous<\/h1>[vc_column_text]\n<div class=\"wpcf7 no-js\" id=\"wpcf7-f2187-o1\" lang=\"fr-FR\" dir=\"ltr\" data-wpcf7-id=\"2187\">\n<div class=\"screen-reader-response\"><p role=\"status\" aria-live=\"polite\" aria-atomic=\"true\"><\/p> <ul><\/ul><\/div>\n<form action=\"\/site\/wp-json\/wp\/v2\/pages\/796#wpcf7-f2187-o1\" method=\"post\" class=\"wpcf7-form init\" aria-label=\"Formulaire de contact\" novalidate=\"novalidate\" data-status=\"init\">\n<fieldset class=\"hidden-fields-container\"><input type=\"hidden\" name=\"_wpcf7\" value=\"2187\" \/><input type=\"hidden\" name=\"_wpcf7_version\" value=\"6.1.3\" \/><input type=\"hidden\" name=\"_wpcf7_locale\" value=\"fr_FR\" \/><input type=\"hidden\" name=\"_wpcf7_unit_tag\" value=\"wpcf7-f2187-o1\" \/><input type=\"hidden\" name=\"_wpcf7_container_post\" value=\"0\" \/><input type=\"hidden\" name=\"_wpcf7_posted_data_hash\" value=\"\" \/><input type=\"hidden\" name=\"_wpcf7_recaptcha_response\" value=\"\" \/>\n<\/fieldset>\n<p><label> Votre nom<br \/>\n<span class=\"wpcf7-form-control-wrap\" data-name=\"your-name\"><input size=\"40\" maxlength=\"400\" class=\"wpcf7-form-control wpcf7-text wpcf7-validates-as-required\" aria-required=\"true\" aria-invalid=\"false\" value=\"\" type=\"text\" name=\"your-name\" \/><\/span> <\/label>\n<\/p>\n<p><label> Votre e-mail<br \/>\n<span class=\"wpcf7-form-control-wrap\" data-name=\"your-email\"><input size=\"40\" maxlength=\"400\" class=\"wpcf7-form-control wpcf7-email wpcf7-validates-as-required wpcf7-text wpcf7-validates-as-email\" aria-required=\"true\" aria-invalid=\"false\" value=\"\" type=\"email\" name=\"your-email\" \/><\/span> <\/label>\n<\/p>\n<p><label> Objet<br \/>\n<span class=\"wpcf7-form-control-wrap\" data-name=\"your-subject\"><input size=\"40\" maxlength=\"400\" class=\"wpcf7-form-control wpcf7-text wpcf7-validates-as-required\" aria-required=\"true\" aria-invalid=\"false\" value=\"\" type=\"text\" name=\"your-subject\" \/><\/span> <\/label>\n<\/p>\n<p><label> Votre message (facultatif)<br \/>\n<span class=\"wpcf7-form-control-wrap\" data-name=\"your-message\"><textarea cols=\"40\" rows=\"10\" maxlength=\"2000\" class=\"wpcf7-form-control wpcf7-textarea\" aria-invalid=\"false\" name=\"your-message\"><\/textarea><\/span> <\/label>\n<\/p>\n<span class=\"wpcf7-form-control-wrap recaptcha\" data-name=\"recaptcha\"><span data-sitekey=\"6LddPLcfAAAAAM3TP4ViFzz5VWV3TcSii2TtqKPl\" class=\"wpcf7-form-control wpcf7-recaptcha g-recaptcha\"><\/span>\r\n<noscript>\r\n\t<div class=\"grecaptcha-noscript\">\r\n\t\t<iframe loading=\"lazy\" src=\"https:\/\/www.google.com\/recaptcha\/api\/fallback?k=6LddPLcfAAAAAM3TP4ViFzz5VWV3TcSii2TtqKPl\" frameborder=\"0\" scrolling=\"no\" width=\"310\" height=\"430\">\r\n\t\t<\/iframe>\r\n\t\t<textarea name=\"g-recaptcha-response\" rows=\"3\" cols=\"40\" placeholder=\"reCaptcha Response Here\">\r\n\t\t<\/textarea>\r\n\t<\/div>\r\n<\/noscript>\r\n<\/span>\n<p><input class=\"wpcf7-form-control wpcf7-submit has-spinner\" type=\"submit\" value=\"Envoyer\" \/>\n<\/p><p style=\"display: none !important;\" class=\"akismet-fields-container\" data-prefix=\"_wpcf7_ak_\"><label>&#916;<textarea name=\"_wpcf7_ak_hp_textarea\" cols=\"45\" rows=\"8\" maxlength=\"100\"><\/textarea><\/label><input type=\"hidden\" id=\"ak_js_1\" name=\"_wpcf7_ak_js\" value=\"77\"\/><script>document.getElementById( \"ak_js_1\" ).setAttribute( \"value\", ( new Date() ).getTime() );<\/script><\/p><div class=\"wpcf7-response-output\" aria-hidden=\"true\"><\/div>\n<\/form>\n<\/div>\n[\/vc_column_text][vc_empty_space height=\u00a0\u00bb1.2em\u00a0\u00bb][vc_column_text el_class=\u00a0\u00bbsmall\u00a0\u00bb css=\u00a0\u00bb.vc_custom_1632909501680{margin-top: 10px !important;margin-right: 30px !important;margin-bottom: 10px !important;margin-left: 10px !important;padding-top: 10px !important;padding-right: 10px !important;padding-bottom: 10px !important;padding-left: 10px !important;background-color: #ffffff !important;border-radius: 10px !important;}\u00a0\u00bb]Les informations recueillies par l&rsquo;Association les IRREDUCTIBLES \u00e0 partir de ce formulaire font l\u2019objet d\u2019un traitement informatique destin\u00e9 \u00e0 vous r\u00e9pondre. Les destinataires de ces donn\u00e9es sont les contacts de l&rsquo;association. Elles seront conserv\u00e9es durant 1 an. Conform\u00e9ment au r\u00e8glement (UE) 2016\/679 et \u00e0 la loi \u00ab\u00a0informatique et libert\u00e9s\u00a0\u00bb du 6 janvier 1978 modifi\u00e9e, vous disposez d\u2019un droit d\u2019acc\u00e8s, de rectification, d\u2019opposition du traitement, d\u2019effacement et de la portabilit\u00e9 de vos donn\u00e9es. Pour exercer ces droits ou pour toute question sur le traitement de vos donn\u00e9es, vous pouvez contacter : Association les IRREDUCTIBLES &#8211; Maison du citoyen &#8211; 16 rue du R\u00e9v\u00e9rend P\u00e8re Lucien Aubry &#8211; 94120 Fontenay-sous-Bois. Vous avez \u00e9galement la possibilit\u00e9 d\u2019introduire une r\u00e9clamation aupr\u00e8s des services de la CNIL.[\/vc_column_text][\/vc_column][\/vc_row][vc_row][vc_column][\/vc_column][\/vc_row]<\/p>\n","protected":false},"excerpt":{"rendered":"<p>[vc_row][vc_column][vc_empty_space][\/vc_column][\/vc_row][vc_row full_width=\u00a0\u00bbstretch_row\u00a0\u00bb disable_element=\u00a0\u00bbyes\u00a0\u00bb inverse=\u00a0\u00bb\u00a0\u00bb css=\u00a0\u00bb.vc_custom_1622789424696{background-color: #f4f7f8 !important;}\u00a0\u00bb][vc_column][vc_empty_space height=\u00a0\u00bb1.2em\u00a0\u00bb][\/vc_column][\/vc_row][vc_row full_width=\u00a0\u00bbstretch_row\u00a0\u00bb inverse=\u00a0\u00bb\u00a0\u00bb css=\u00a0\u00bb.vc_custom_1622789731938{background-color: #f4f7f8 !important;}\u00a0\u00bb][vc_column][vc_column_text][\/vc_column_text][vc_empty_space height=\u00a0\u00bb1.2em\u00a0\u00bb][vc_column_text el_class=\u00a0\u00bbsmall\u00a0\u00bb css=\u00a0\u00bb.vc_custom_1632909501680{margin-top: 10px !important;margin-right: 30px !important;margin-bottom: 10px !important;margin-left: 10px !important;padding-top: 10px !important;padding-right: 10px !important;padding-bottom: 10px !important;padding-left: 10px !important;background-color: #ffffff !important;border-radius: 10px !important;}\u00a0\u00bb]Les informations recueillies par l&rsquo;Association les IRREDUCTIBLES \u00e0 partir de ce formulaire font l\u2019objet d\u2019un traitement informatique destin\u00e9 \u00e0 vous [&hellip;]<\/p>\n","protected":false},"author":1,"featured_media":0,"parent":0,"menu_order":0,"comment_status":"closed","ping_status":"closed","template":"","meta":{"footnotes":""},"class_list":["post-796","page","type-page","status-publish","hentry"],"_links":{"self":[{"href":"https:\/\/irreductibles-asso.fr\/site\/wp-json\/wp\/v2\/pages\/796","targetHints":{"allow":["GET"]}}],"collection":[{"href":"https:\/\/irreductibles-asso.fr\/site\/wp-json\/wp\/v2\/pages"}],"about":[{"href":"https:\/\/irreductibles-asso.fr\/site\/wp-json\/wp\/v2\/types\/page"}],"author":[{"embeddable":true,"href":"https:\/\/irreductibles-asso.fr\/site\/wp-json\/wp\/v2\/users\/1"}],"replies":[{"embeddable":true,"href":"https:\/\/irreductibles-asso.fr\/site\/wp-json\/wp\/v2\/comments?post=796"}],"version-history":[{"count":29,"href":"https:\/\/irreductibles-asso.fr\/site\/wp-json\/wp\/v2\/pages\/796\/revisions"}],"predecessor-version":[{"id":2226,"href":"https:\/\/irreductibles-asso.fr\/site\/wp-json\/wp\/v2\/pages\/796\/revisions\/2226"}],"wp:attachment":[{"href":"https:\/\/irreductibles-asso.fr\/site\/wp-json\/wp\/v2\/media?parent=796"}],"curies":[{"name":"wp","href":"https:\/\/api.w.org\/{rel}","templated":true}]}}