{"id":2166,"date":"2021-04-01T19:18:07","date_gmt":"2021-04-01T17:18:07","guid":{"rendered":"http:\/\/irreductibles-asso.fr\/site\/?page_id=2166"},"modified":"2021-04-01T19:22:46","modified_gmt":"2021-04-01T17:22:46","slug":"la-goulayance-2016-portraits","status":"publish","type":"page","link":"https:\/\/irreductibles-asso.fr\/site\/la-goulayance-2016-portraits\/","title":{"rendered":"La Goulayance 2016 &#8211; portraits"},"content":{"rendered":"<p>[vc_row][vc_column][vc_custom_heading text=\u00a0\u00bbPhotos de Lucy Carolan et Richard Glynn nos photographes partenaires anglais lors de La Goulayance 10 &#038; 11 d\u00e9cembre 2016 au point \u00e9ph\u00e9m\u00e8re Paris, France.\u00a0\u00bb font_container=\u00a0\u00bbtag:h2|font_size:1.1em|text_align:left\u00a0\u00bb google_fonts=\u00a0\u00bbfont_family:Varela%3Aregular|font_style:400%20regular%3A400%3Anormal\u00a0\u00bb][vc_separator][\/vc_column][\/vc_row][vc_row][vc_column][vc_media_grid style=\u00a0\u00bblazy\u00a0\u00bb items_per_page=\u00a0\u00bb24&Prime; gap=\u00a0\u00bb10&Prime; item=\u00a0\u00bbbasicGrid_NoAnimation\u00a0\u00bb grid_id=\u00a0\u00bbvc_gid:1617297595849-38267117e187d4888cac1d1d56274446-0&Prime; include=\u00a0\u00bb2164,2163,2162,2161,2160,2158,2157,2156,2155,2154,2153,2152,2151,2150,2149,2148,2147,2146,2145,2136,2137,2138,2139,2140,2141,2142,2143,2144,2134,2133,2132,2131,2130,2129,2135&Prime;][\/vc_column][\/vc_row][vc_row][vc_column]<h1 class=\"sc_title sc_title_regular\"><\/h1>[\/vc_column][\/vc_row]<\/p>\n","protected":false},"excerpt":{"rendered":"<p>[vc_row][vc_column][vc_custom_heading text=\u00a0\u00bbPhotos de Lucy Carolan et Richard Glynn nos photographes partenaires anglais lors de La Goulayance 10 &#038; 11 d\u00e9cembre 2016 au point \u00e9ph\u00e9m\u00e8re Paris, France.\u00a0\u00bb font_container=\u00a0\u00bbtag:h2|font_size:1.1em|text_align:left\u00a0\u00bb google_fonts=\u00a0\u00bbfont_family:Varela%3Aregular|font_style:400%20regular%3A400%3Anormal\u00a0\u00bb][vc_separator][\/vc_column][\/vc_row][vc_row][vc_column][vc_media_grid style=\u00a0\u00bblazy\u00a0\u00bb items_per_page=\u00a0\u00bb24&Prime; gap=\u00a0\u00bb10&Prime; item=\u00a0\u00bbbasicGrid_NoAnimation\u00a0\u00bb grid_id=\u00a0\u00bbvc_gid:1617297595849-38267117e187d4888cac1d1d56274446-0&Prime; include=\u00a0\u00bb2164,2163,2162,2161,2160,2158,2157,2156,2155,2154,2153,2152,2151,2150,2149,2148,2147,2146,2145,2136,2137,2138,2139,2140,2141,2142,2143,2144,2134,2133,2132,2131,2130,2129,2135&Prime;][\/vc_column][\/vc_row][vc_row][vc_column][\/vc_column][\/vc_row]<\/p>\n","protected":false},"author":1,"featured_media":0,"parent":0,"menu_order":0,"comment_status":"closed","ping_status":"closed","template":"","meta":{"footnotes":""},"class_list":["post-2166","page","type-page","status-publish","hentry"],"_links":{"self":[{"href":"https:\/\/irreductibles-asso.fr\/site\/wp-json\/wp\/v2\/pages\/2166","targetHints":{"allow":["GET"]}}],"collection":[{"href":"https:\/\/irreductibles-asso.fr\/site\/wp-json\/wp\/v2\/pages"}],"about":[{"href":"https:\/\/irreductibles-asso.fr\/site\/wp-json\/wp\/v2\/types\/page"}],"author":[{"embeddable":true,"href":"https:\/\/irreductibles-asso.fr\/site\/wp-json\/wp\/v2\/users\/1"}],"replies":[{"embeddable":true,"href":"https:\/\/irreductibles-asso.fr\/site\/wp-json\/wp\/v2\/comments?post=2166"}],"version-history":[{"count":4,"href":"https:\/\/irreductibles-asso.fr\/site\/wp-json\/wp\/v2\/pages\/2166\/revisions"}],"predecessor-version":[{"id":2171,"href":"https:\/\/irreductibles-asso.fr\/site\/wp-json\/wp\/v2\/pages\/2166\/revisions\/2171"}],"wp:attachment":[{"href":"https:\/\/irreductibles-asso.fr\/site\/wp-json\/wp\/v2\/media?parent=2166"}],"curies":[{"name":"wp","href":"https:\/\/api.w.org\/{rel}","templated":true}]}}